{"id":2313,"date":"2015-11-04T23:37:06","date_gmt":"2015-11-04T22:37:06","guid":{"rendered":"http:\/\/www.uretek.ch\/impressum\/?lang=fr"},"modified":"2023-08-31T15:31:49","modified_gmt":"2023-08-31T13:31:49","slug":"mentions-legales","status":"publish","type":"page","link":"https:\/\/www.uretek.ch\/fr\/mentions-legales\/","title":{"rendered":"Mentions l\u00e9gales"},"content":{"rendered":"<section class=\"l-section wpb_row height_medium\"><div class=\"l-section-h i-cf\"><div class=\"g-cols vc_row via_flex valign_top type_default stacking_default\"><div class=\"vc_col-sm-12 wpb_column vc_column_container\"><div class=\"vc_column-inner\"><div class=\"wpb_wrapper\"><div class=\"wpb_text_column\"><div class=\"wpb_wrapper\"><h3>Adresse de contact<\/h3>\n<p>URETEK Schweiz AG<br \/>\nWylstrasse 9<br \/>\n6052 Hergiswil<\/p>\n<p>T\u00e9l. 041 676 00 80<br \/>\nFax 041 676 00 81<br \/>\n<span style=\"text-decoration: underline;\"><span style=\"color: #555555;\"><a style=\"color: #555555; text-decoration: underline;\" href=\"mailto:ure&#116;&#101;&#107;&#64;&#117;&#114;e&#116;&#101;&#107;.c&#104;\">&#117;retek&#64;&#117;&#114;&#101;&#116;&#101;k.&#99;h<\/a><\/span><\/span><\/p>\n<h3>Personne habilit\u00e9e \u00e0 repr\u00e9senter la soci\u00e9t\u00e9<\/h3>\n<p>Andrea Birtele<\/p>\n<h3>Num\u00e9ro TVA<\/h3>\n<p>CHE-109.689.098 MWST<\/p>\n<h3>Webdesign et mise en \u0153uvre technique<\/h3>\n<p class=\"bodytext\">good tag, Roger Bucher<br \/>\nCrossmedia Agentur<br \/>\n6052 Hergiswil<br \/>\n<span style=\"text-decoration: underline;\"><span style=\"color: #555555;\"><a style=\"color: #555555; text-decoration: underline;\" href=\"http:\/\/www.goodtag.ch\/\" target=\"_blank\" rel=\"noopener\">www.goodtag.ch<\/a><\/span><\/span><\/p>\n<\/div><\/div><\/div><\/div><\/div><\/div><\/div><\/section>\n","protected":false},"excerpt":{"rendered":"Adresse de contact URETEK Schweiz AG Wylstrasse 9 6052 Hergiswil T\u00e9l. 041 676 00 80 Fax 041 676 00 81 uretek@uretek.ch Personne habilit\u00e9e \u00e0 repr\u00e9senter la soci\u00e9t\u00e9 Andrea Birtele Num\u00e9ro TVA CHE-109.689.098 MWST Webdesign et mise en \u0153uvre technique good tag, Roger Bucher Crossmedia Agentur 6052 Hergiswil www.goodtag.ch","protected":false},"author":1,"featured_media":0,"parent":0,"menu_order":1000,"comment_status":"closed","ping_status":"closed","template":"","meta":{"footnotes":""},"class_list":["post-2313","page","type-page","status-publish","hentry"],"yoast_head":"<!-- This site is optimized with the Yoast SEO plugin v23.0 - https:\/\/yoast.com\/wordpress\/plugins\/seo\/ -->\n<title>Mentions l\u00e9gales &#187; URETEK Schweiz AG<\/title>\n<meta name=\"robots\" content=\"noindex, nofollow\" \/>\n<meta property=\"og:locale\" content=\"fr_FR\" \/>\n<meta property=\"og:type\" content=\"article\" \/>\n<meta property=\"og:title\" content=\"Mentions l\u00e9gales &#187; URETEK Schweiz AG\" \/>\n<meta property=\"og:url\" content=\"https:\/\/www.uretek.ch\/fr\/mentions-legales\/\" \/>\n<meta property=\"og:site_name\" content=\"URETEK Schweiz AG\" \/>\n<meta property=\"article:modified_time\" content=\"2023-08-31T13:31:49+00:00\" \/>\n<meta name=\"twitter:card\" content=\"summary_large_image\" \/>\n<meta name=\"twitter:label1\" content=\"Dur\u00e9e de lecture estim\u00e9e\" \/>\n\t<meta name=\"twitter:data1\" content=\"1 minute\" \/>\n<script type=\"application\/ld+json\" class=\"yoast-schema-graph\">{\"@context\":\"https:\/\/schema.org\",\"@graph\":[{\"@type\":\"WebPage\",\"@id\":\"https:\/\/www.uretek.ch\/fr\/mentions-legales\/\",\"url\":\"https:\/\/www.uretek.ch\/fr\/mentions-legales\/\",\"name\":\"Mentions l\u00e9gales &#187; URETEK Schweiz AG\",\"isPartOf\":{\"@id\":\"https:\/\/www.uretek.ch\/fr\/#website\"},\"datePublished\":\"2015-11-04T22:37:06+00:00\",\"dateModified\":\"2023-08-31T13:31:49+00:00\",\"breadcrumb\":{\"@id\":\"https:\/\/www.uretek.ch\/fr\/mentions-legales\/#breadcrumb\"},\"inLanguage\":\"fr-FR\",\"potentialAction\":[{\"@type\":\"ReadAction\",\"target\":[\"https:\/\/www.uretek.ch\/fr\/mentions-legales\/\"]}]},{\"@type\":\"BreadcrumbList\",\"@id\":\"https:\/\/www.uretek.ch\/fr\/mentions-legales\/#breadcrumb\",\"itemListElement\":[{\"@type\":\"ListItem\",\"position\":1,\"name\":\"Home\",\"item\":\"https:\/\/www.uretek.ch\/fr\/\"},{\"@type\":\"ListItem\",\"position\":2,\"name\":\"Mentions l\u00e9gales\"}]},{\"@type\":\"WebSite\",\"@id\":\"https:\/\/www.uretek.ch\/fr\/#website\",\"url\":\"https:\/\/www.uretek.ch\/fr\/\",\"name\":\"URETEK Schweiz AG\",\"description\":\"\",\"potentialAction\":[{\"@type\":\"SearchAction\",\"target\":{\"@type\":\"EntryPoint\",\"urlTemplate\":\"https:\/\/www.uretek.ch\/fr\/?s={search_term_string}\"},\"query-input\":\"required name=search_term_string\"}],\"inLanguage\":\"fr-FR\"}]}<\/script>\n<!-- \/ Yoast SEO plugin. -->","yoast_head_json":{"title":"Mentions l\u00e9gales &#187; URETEK Schweiz AG","robots":{"index":"noindex","follow":"nofollow"},"og_locale":"fr_FR","og_type":"article","og_title":"Mentions l\u00e9gales &#187; URETEK Schweiz AG","og_url":"https:\/\/www.uretek.ch\/fr\/mentions-legales\/","og_site_name":"URETEK Schweiz AG","article_modified_time":"2023-08-31T13:31:49+00:00","twitter_card":"summary_large_image","twitter_misc":{"Dur\u00e9e de lecture estim\u00e9e":"1 minute"},"schema":{"@context":"https:\/\/schema.org","@graph":[{"@type":"WebPage","@id":"https:\/\/www.uretek.ch\/fr\/mentions-legales\/","url":"https:\/\/www.uretek.ch\/fr\/mentions-legales\/","name":"Mentions l\u00e9gales &#187; URETEK Schweiz AG","isPartOf":{"@id":"https:\/\/www.uretek.ch\/fr\/#website"},"datePublished":"2015-11-04T22:37:06+00:00","dateModified":"2023-08-31T13:31:49+00:00","breadcrumb":{"@id":"https:\/\/www.uretek.ch\/fr\/mentions-legales\/#breadcrumb"},"inLanguage":"fr-FR","potentialAction":[{"@type":"ReadAction","target":["https:\/\/www.uretek.ch\/fr\/mentions-legales\/"]}]},{"@type":"BreadcrumbList","@id":"https:\/\/www.uretek.ch\/fr\/mentions-legales\/#breadcrumb","itemListElement":[{"@type":"ListItem","position":1,"name":"Home","item":"https:\/\/www.uretek.ch\/fr\/"},{"@type":"ListItem","position":2,"name":"Mentions l\u00e9gales"}]},{"@type":"WebSite","@id":"https:\/\/www.uretek.ch\/fr\/#website","url":"https:\/\/www.uretek.ch\/fr\/","name":"URETEK Schweiz AG","description":"","potentialAction":[{"@type":"SearchAction","target":{"@type":"EntryPoint","urlTemplate":"https:\/\/www.uretek.ch\/fr\/?s={search_term_string}"},"query-input":"required name=search_term_string"}],"inLanguage":"fr-FR"}]}},"_links":{"self":[{"href":"https:\/\/www.uretek.ch\/fr\/wp-json\/wp\/v2\/pages\/2313","targetHints":{"allow":["GET"]}}],"collection":[{"href":"https:\/\/www.uretek.ch\/fr\/wp-json\/wp\/v2\/pages"}],"about":[{"href":"https:\/\/www.uretek.ch\/fr\/wp-json\/wp\/v2\/types\/page"}],"author":[{"embeddable":true,"href":"https:\/\/www.uretek.ch\/fr\/wp-json\/wp\/v2\/users\/1"}],"replies":[{"embeddable":true,"href":"https:\/\/www.uretek.ch\/fr\/wp-json\/wp\/v2\/comments?post=2313"}],"version-history":[{"count":18,"href":"https:\/\/www.uretek.ch\/fr\/wp-json\/wp\/v2\/pages\/2313\/revisions"}],"predecessor-version":[{"id":33183,"href":"https:\/\/www.uretek.ch\/fr\/wp-json\/wp\/v2\/pages\/2313\/revisions\/33183"}],"wp:attachment":[{"href":"https:\/\/www.uretek.ch\/fr\/wp-json\/wp\/v2\/media?parent=2313"}],"curies":[{"name":"wp","href":"https:\/\/api.w.org\/{rel}","templated":true}]}}